{"id":27625,"date":"2026-03-26T10:16:04","date_gmt":"2026-03-26T10:16:04","guid":{"rendered":"https:\/\/strammer.com\/?page_id=27625"},"modified":"2026-03-27T14:35:17","modified_gmt":"2026-03-27T14:35:17","slug":"cookies","status":"publish","type":"page","link":"https:\/\/strammer.com\/en\/cookies\/","title":{"rendered":"COOKIE MANAGEMENT"},"content":{"rendered":"<div class=\"wp-block-strammer-blocks-fullsize-banner text-white\" style=\"background-image: url(https:\/\/strammer.com\/wp-content\/uploads\/2022\/06\/Balloons.jpg)\"><ul class=\"block-content\">\n<div class=\"wp-block-strammer-blocks-title text-center\" data-align=\"center\"><h2 class=\"title\" data-level=\"2\">COOKIES<\/h2><\/div>\n<\/ul><\/div>\n\n\n\n<p id=\"p-rc_5d0e0916c1d119a4-62\"><strong>Definition<\/strong> <\/p>\n\n\n\n<p id=\"p-rc_5d0e0916c1d119a4-62\">Cookies are data stored in a user's terminal equipment and used by the site to send information to the user's browser, allowing that browser to send information back to the original site (for example a session ID, the choice of a language or a date).\nCookies allow state information to be retained, for the duration of the cookie's validity, when a browser accesses different pages of a website or when that browser subsequently returns to that website.\nOnly the issuer of a cookie can read or modify the information contained therein.\nThere are different types of cookies:<\/p>\n\n\n\n<ul class=\"wp-block-list\">\n<li>session cookies that disappear as soon as you leave the site,<\/li>\n\n\n\n<li>permanent cookies that remain on your terminal until their lifespan expires or until you delete them using your browser's features.\nYou are informed that, during your visits to the site, cookies may be installed on your terminal equipment.<\/li>\n<\/ul>\n\n\n\n<p id=\"p-rc_5d0e0916c1d119a4-65\"><strong>PURPOSES OF THE COOKIES USED<\/strong> <\/p>\n\n\n\n<p id=\"p-rc_5d0e0916c1d119a4-65\" class=\"translation-block\">The cookies used by <strong>Strammer<\/strong> are used for the purpose of analyzing traffic and the use made of the site.<\/p>\n\n\n\n<p id=\"p-rc_5d0e0916c1d119a4-66\"><strong>WHICH COOKIES DO WE USE?<\/strong> <\/p>\n\n\n\n<p id=\"p-rc_5d0e0916c1d119a4-66\" class=\"translation-block\">The cookies used on the site are third-party cookies limitedly chosen by <strong>Strammer <\/strong>to achieve specific objectives.\nStrammer uses the services of the American company Google Inc.\nData collected through cookies are transmitted and stored by Google Inc. Google Inc. adheres to the <strong>EU-U.S. Data Privacy Framework <\/strong>and thus ensures an adequate level of protection for personal data.\nThe Google Analytics service allows for counting visitors and identifying the way they use the site. These cookies are placed and read on the user's terminal equipment as soon as they access a website using the \"Google Analytics\" service. The data generated by these cookies concern:<\/p>\n\n\n\n<ul class=\"wp-block-list\">\n<li>your use of the site,<\/li>\n\n\n\n<li class=\"translation-block\">your IP address to determine the city of connection. This data is immediately anonymized after localization and is not communicated to the company <strong>Strammer<\/strong>.\nYou can obtain more information about the Google Analytics service by visiting the page <a href=\"http:\/\/www.google.com\/analytics\/learn\/privacy.html\" target=\"_blank\" rel=\"noreferrer noopener\">http:\/\/www.google.com\/analytics\/learn\/privacy.html<\/a> .<\/li>\n<\/ul>\n\n\n\n<p id=\"p-rc_5d0e0916c1d119a4-69\"><strong>CONSENT<\/strong> <\/p>\n\n\n\n<p id=\"p-rc_5d0e0916c1d119a4-69\">When you browse our website, the depositing and reading of cookies allow for the analysis of your browsing and measuring the website audience. You also have the possibility to manage the cookies used on the site by setting your browser, as detailed below.<\/p>\n\n\n\n<p id=\"p-rc_5d0e0916c1d119a4-70\"><strong>COOKIE MANAGEMENT<\/strong> <\/p>\n\n\n\n<p id=\"p-rc_5d0e0916c1d119a4-70\">You have several options for deleting cookies.\nIndeed, while most browsers are set by default to accept the installation of cookies, you have the possibility, if you wish, to choose to accept all cookies, or to reject them systematically, or to choose those you accept according to the issuer.\nYou can also set your browser to accept or refuse cookies on a case-by-case basis prior to their installation.\nYou can also regularly delete cookies from your terminal via your browser.\nRemember to configure all the browsers on your various devices (tablets, smartphones, computers).\nFor the management of cookies and your choices, the configuration of each browser is different.\nIt is described in your browser's help menu, which will allow you to know how to modify your cookie preferences.\nFor example:<\/p>\n\n\n\n<ul class=\"wp-block-list\">\n<li class=\"translation-block\">for Internet Explorer (TM) : <a href=\"https:\/\/support.microsoft.com\/en-us\/windows\/delete-and-manage-cookies-168dab11-0753-043d-7c16-ede5947fc64d\" target=\"_blank\" rel=\"noreferrer noopener\">https:\/\/support.microsoft.com\/en-us\/windows\/delete-and-manage-cookies-168dab11-0753-043d-7c16-ede5947fc64d<\/a><\/li>\n\n\n\n<li class=\"translation-block\">for Safari (TM) : <a href=\"https:\/\/support.microsoft.com\/es-es\/windows\/eliminar-y-administrar-cookies-168dab11-0753-043d-7c16-ede5947fc64d\" target=\"_blank\" rel=\"noreferrer noopener\">https:\/\/support.microsoft.com\/en-us\/windows\/delete-and-manage-cookies-168dab11-0753-043d-7c16-ede5947fc64d<\/a><\/li>\n\n\n\n<li class=\"translation-block\">pour Chrome (TM) : <a href=\"https:\/\/support.google.com\/chrome\/answer\/95647?hl=en\" target=\"_blank\" rel=\"noreferrer noopener\">https:\/\/support.google.com\/chrome\/answer\/95647?hl=en<\/a><\/li>\n\n\n\n<li class=\"translation-block\">pour Firefox (TM) : <a href=\"https:\/\/support.mozilla.org\/en-US\/kb\/enhanced-tracking-protection-firefox-desktop\" target=\"_blank\" rel=\"noreferrer noopener\">https:\/\/support.mozilla.org\/en-US\/kb\/enhanced-tracking-protection-firefox-desktop<\/a><\/li>\n\n\n\n<li class=\"translation-block\">pour Opera (TM) : <a href=\"https:\/\/help.opera.com\/en\/latest\/web-preferences\/#cookies\" target=\"_blank\" rel=\"noreferrer noopener\">https:\/\/help.opera.com\/en\/latest\/web-preferences\/#cookies<\/a><\/li>\n<\/ul>\n\n\n\n<p id=\"p-rc_5d0e0916c1d119a4-73\" class=\"translation-block\">However, we inform you that by setting your browser to refuse cookies, certain features, pages, or areas of the site will not be accessible, for which we cannot be held responsible.\nWe also draw your attention to the fact that, when you object to the installation or use of a cookie, a refusal cookie is installed on your terminal equipment.\nIf you delete this refusal cookie, it will no longer be possible to identify you as having refused the use of cookies. Similarly, when you consent to the installation of cookies, a consent cookie is installed. Consent or refusal cookies must remain on your terminal equipment.<\/p>\n\n\n\n<p><strong>Modifier vos pr\u00e9f\u00e9rences de cookies<\/strong><\/p>\n\n\n<div id=\"cmplz-manage-consent-container-nojavascript\">You have loaded the Cookie Policy without javascript support.&nbsp;On AMP, you can use the manage consent button on the bottom of the page.<\/div><div id=\"cmplz-manage-consent-container\" name=\"cmplz-manage-consent-container\" class=\"cmplz-manage-consent-container\"><\/div>\n\n\n\n<p id=\"matomo_opted_out_intro\" style=\"display:none;\">Opt-out complete; your visits to this website will not be recorded by the Web Analytics tool. Note that if you clear your cookies, delete the opt-out cookie, or if you change computers or Web browsers, you will need to perform the opt-out procedure again.<\/p><p id=\"matomo_opted_in_intro\" >You may choose to prevent this website from aggregating and analyzing the actions you take here. Doing so will protect your privacy, but will also prevent the owner from learning from your actions and creating a better experience for you and other users.<\/p><form action=\"\">\n        <input type=\"checkbox\" id=\"matomo_optout_checkbox\" checked=\"checked\"\/>\n        <label for=\"matomo_optout_checkbox\"><strong>\n        <span id=\"matomo_opted_in_label\" >You are not opted out. Uncheck this box to opt-out.<\/span>\n\t\t<span id=\"matomo_opted_out_label\" style=\"display:none;\">You are currently opted out. Check this box to opt-in.<\/span>\n        <\/strong><\/label><input type=\"hidden\" name=\"trp-form-language\" value=\"en\"\/><\/form><noscript><p><strong style=\"color: #ff0000;\">This opt out feature requires JavaScript.<\/strong><\/p><\/noscript><p id=\"matomo_outout_err_cookies\" style=\"display: none;\"><strong>The tracking opt-out feature requires cookies to be enabled.<\/strong><\/p>\n\n\n\n<div style=\"height:70px\" aria-hidden=\"true\" class=\"wp-block-spacer\"><\/div>","protected":false},"excerpt":{"rendered":"<p>D\u00e9finition Les cookies sont des donn\u00e9es stock\u00e9es dans l&rsquo;\u00e9quipement terminal d&rsquo;un internaute et utilis\u00e9es par le site pour envoyer des informations au navigateur de l&rsquo;internaute, et permettant \u00e0 ce navigateur de renvoyer des informations au site d&rsquo;origine (par exemple un identifiant de session, le choix d&rsquo;une langue ou une date). Les cookies permettent de conserver, [&hellip;]<\/p>\n","protected":false},"author":7,"featured_media":25510,"parent":0,"menu_order":0,"comment_status":"closed","ping_status":"closed","template":"","meta":{"_editorskit_title_hidden":false,"_editorskit_reading_time":0,"_editorskit_is_block_options_detached":false,"_editorskit_block_options_position":"{}","footnotes":""},"class_list":["post-27625","page","type-page","status-publish","has-post-thumbnail","hentry"],"acf":[],"_links":{"self":[{"href":"https:\/\/strammer.com\/en\/wp-json\/wp\/v2\/pages\/27625","targetHints":{"allow":["GET"]}}],"collection":[{"href":"https:\/\/strammer.com\/en\/wp-json\/wp\/v2\/pages"}],"about":[{"href":"https:\/\/strammer.com\/en\/wp-json\/wp\/v2\/types\/page"}],"author":[{"embeddable":true,"href":"https:\/\/strammer.com\/en\/wp-json\/wp\/v2\/users\/7"}],"replies":[{"embeddable":true,"href":"https:\/\/strammer.com\/en\/wp-json\/wp\/v2\/comments?post=27625"}],"version-history":[{"count":10,"href":"https:\/\/strammer.com\/en\/wp-json\/wp\/v2\/pages\/27625\/revisions"}],"predecessor-version":[{"id":27642,"href":"https:\/\/strammer.com\/en\/wp-json\/wp\/v2\/pages\/27625\/revisions\/27642"}],"wp:featuredmedia":[{"embeddable":true,"href":"https:\/\/strammer.com\/en\/wp-json\/wp\/v2\/media\/25510"}],"wp:attachment":[{"href":"https:\/\/strammer.com\/en\/wp-json\/wp\/v2\/media?parent=27625"}],"curies":[{"name":"wp","href":"https:\/\/api.w.org\/{rel}","templated":true}]}}