{"id":19096,"date":"2019-01-15T11:01:25","date_gmt":"2019-01-15T11:01:25","guid":{"rendered":"https:\/\/strammer.com\/?page_id=19096"},"modified":"2026-03-23T16:24:52","modified_gmt":"2026-03-23T16:24:52","slug":"mentions-legales","status":"publish","type":"page","link":"https:\/\/strammer.com\/es\/mentions-legales\/","title":{"rendered":"Aviso legal"},"content":{"rendered":"<div class=\"wp-block-cover top-hero-banner\"><img decoding=\"async\" class=\"wp-block-cover__image-background\" alt=\"\" src=\"https:\/\/strammer.com\/wp-content\/themes\/strammertheme\/assets\/img\/patterns\/building-background.png\" data-object-fit=\"cover\" title=\"\"><span aria-hidden=\"true\" class=\"wp-block-cover__background has-primary-background-color has-background-dim-80 has-background-dim\"><\/span><div class=\"wp-block-cover__inner-container is-layout-flow wp-block-cover-is-layout-flow\">\n<div class=\"wp-block-strammer-blocks-title text-center\" data-align=\"center\"><h1 class=\"title\" data-level=\"1\">Aviso legal<\/h1><\/div>\n<\/div><\/div>\n\n\n\n<div style=\"height:4rem\" aria-hidden=\"true\" class=\"wp-block-spacer\"><\/div>\n\n\n\n<p>De conformidad con lo dispuesto en la Ley n\u00b0 2004-575 de 21 de junio de 2004 para la confianza en la econom\u00eda digital, se informa a los usuarios del sitio Strammer la identidad de los distintos intervinientes en el marco de su realizaci\u00f3n y seguimiento.<\/p>\n\n\n\n<p><strong>EDICI\u00d3N DEL SITIO<\/strong><\/p>\n\n\n\n<p>El sitio www.strammer.com, en adelante denominado el \"Sitio\", es propiedad de STRAMMER, SAS, sociedad por acciones simplificada, inscrita en el Registro Mercantil y de Sociedades de Par\u00eds con el n\u00famero 507 558 096, y cuyo domicilio social se encuentra en 11bis, Rue Leroux \u2013 75016 Par\u00eds, Francia.<\/p>\n\n\n\n<p>Director de la publicaci\u00f3n: El Sr. Ludovic BOURG, en calidad de Presidente de la sociedad Strammer.<\/p>\n\n\n\n<p>Alojamiento: El Sitio est\u00e1 alojado por la sociedad ONLINE SAS, con domicilio social en 8 rue de la ville l\u2019Ev\u00eaque \u2013 75008 PAR\u00cdS, Francia.<\/p>\n\n\n\n<p><strong><strong>RESPONSABILIDAD<\/strong><\/strong><\/p>\n\n\n\n<p><br>La sociedad Strammer se compromete a realizar sus mejores esfuerzos para asegurar a los usuarios la accesibilidad del Sitio en todo momento. Strammer pone el m\u00e1ximo cuidado en asegurar la calidad y fiabilidad de la informaci\u00f3n contenida en el Sitio.<\/p>\n\n\n\n<p>Strammer no puede garantizar la exactitud, integridad y actualidad de la informaci\u00f3n difundida en su Sitio, ni la permanencia de su buen funcionamiento o su total seguridad inform\u00e1tica. La informaci\u00f3n contenida en el Sitio se facilita a t\u00edtulo indicativo, sin garant\u00eda alguna, expl\u00edcita o impl\u00edcita, para la informaci\u00f3n general de los usuarios.<\/p>\n\n\n\n<p>Strammer no puede garantizar la exactitud, integridad y actualidad de la informaci\u00f3n difundida en su Sitio, ni la permanencia de su buen funcionamiento o su total seguridad inform\u00e1tica. La informaci\u00f3n contenida en el Sitio se facilita a t\u00edtulo indicativo, sin garant\u00eda alguna, expl\u00edcita o impl\u00edcita, para la informaci\u00f3n general de los usuarios.<\/p>\n\n\n\n<p>Strammer no se hace responsable de los da\u00f1os, temporales o permanentes, causados al sistema inform\u00e1tico del visitante, ni de las p\u00e9rdidas o da\u00f1os eventuales (incluyendo, entre otros, la p\u00e9rdida de datos o de beneficios) que se sufran tras:<\/p>\n\n\n\n<ul class=\"wp-block-list\">\n<li>El acceso o la navegaci\u00f3n por el Sitio,<\/li>\n\n\n\n<li>La explotaci\u00f3n de la informaci\u00f3n contenida en el Sitio,<\/li>\n\n\n\n<li>La copia, visualizaci\u00f3n o cualquier otro uso del Sitio.<\/li>\n<\/ul>\n\n\n\n<p>El usuario reconoce haber le\u00eddo el presente aviso legal y se compromete a respetarlo. Asimismo, el usuario reconoce utilizar esta informaci\u00f3n bajo su \u00fanica y exclusiva responsabilidad.<\/p>\n\n\n\n<p><strong><strong>PROPIEDAD INTELECTUAL<\/strong><\/strong><\/p>\n\n\n\n<p><br>La estructura general del Sitio, as\u00ed como cada uno de los elementos que lo componen (textos, datos, elementos gr\u00e1ficos, animados o no), constituyen obras protegidas por las leyes de propiedad intelectual, en particular por el derecho de autor, los dibujos y modelos y el derecho de marcas, y por los tratados internacionales.<\/p>\n\n\n\n<p>La estructura general del Sitio, as\u00ed como cada uno de los elementos que lo componen tomados de forma independiente, en particular los textos, los datos y los elementos gr\u00e1ficos del Sitio, no deben en ning\u00fan caso ser modificados, reproducidos, mostrados, presentados, distribuidos o utilizados con fines de inter\u00e9s p\u00fablico o comercial. Cualquier persona que descargue o recoja informaci\u00f3n difundida en el Sitio s\u00f3lo dispone sobre la misma de un derecho de uso privado, personal y no transmisible. La informaci\u00f3n recogida s\u00f3lo puede ser objeto de una \u00fanica reproducci\u00f3n en papel o digital. Cualquier uso de la informaci\u00f3n recogida deber\u00e1 mencionar la fuente.<\/p>\n\n\n\n<p>Las obras protegidas reproducidas en el Sitio y que no pertenecen a Strammer han sido objeto de una autorizaci\u00f3n expresa y previa de reproducci\u00f3n por parte del titular de los derechos.<\/p>\n\n\n\n<p>Cualquier representaci\u00f3n total o parcial del Sitio o de uno de los elementos que lo componen sin la autorizaci\u00f3n expresa de Strammer est\u00e1 prohibida y constituir\u00eda una infracci\u00f3n sancionada por los art\u00edculos L.335-2 y siguientes del C\u00f3digo de la Propiedad Intelectual.<\/p>\n\n\n\n<p>Las bases de datos que figuran en el Sitio est\u00e1n protegidas por los art\u00edculos L.341-1 y siguientes del C\u00f3digo de la propiedad intelectual y se sanciona cualquier extracci\u00f3n o reutilizaci\u00f3n cualitativa o cuantitativamente sustancial del contenido de las bases de datos.<\/p>\n\n\n\n<p>Las marcas o los logotipos que figuran en el Sitio son marcas registradas por la empresa Strammer o por terceros. Cualquier reproducci\u00f3n, imitaci\u00f3n o uso, total o parcial, de estos signos distintivos sin la autorizaci\u00f3n expresa y en violaci\u00f3n de las prohibiciones previstas en los art\u00edculos L.713-2 y siguientes del C\u00f3digo de propiedad intelectual compromete la responsabilidad de su autor.<\/p>\n\n\n\n<p>Los dem\u00e1s signos distintivos, en particular las denominaciones sociales, nombres comerciales, r\u00f3tulos, nombres de dominio reproducidos en el Sitio son propiedad de Strammer o de terceros y cualquier reproducci\u00f3n sin autorizaci\u00f3n expresa es susceptible de constituir una usurpaci\u00f3n que comprometa la responsabilidad de su autor sobre la base del art\u00edculo 1240 del C\u00f3digo Civil modificado por la ordenanza n\u00b02016-131 del 10 de febrero de 2016.<\/p>\n\n\n\n<p>Strammer no asume ninguna obligaci\u00f3n de seguimiento de la informaci\u00f3n que el usuario pueda depositar en el sitio web de Strammer.<\/p>\n\n\n\n<p>A este respecto, el usuario garantiza que cualquier informaci\u00f3n, o elemento (el t\u00e9rmino \"elemento\" designa cualquier proyecto, archivo u otros archivos adjuntos enviados) o comentarios que no sean datos personales, que el usuario pueda transmitir a Strammer a trav\u00e9s del sitio web de esta \u00faltima, no viola ning\u00fan derecho de propiedad intelectual de un tercero u otra ley aplicable.<\/p>\n\n\n\n<p>Dicha informaci\u00f3n, o elementos o comentarios, ser\u00e1n tratados como no confidenciales y no propietarios. Al enviar de esta manera cualquier informaci\u00f3n, elemento o comentario, el usuario otorga a Strammer todo el derecho necesario, de forma ilimitada e irrevocable, para emplear, ejecutar, mostrar, modificar y transmitir dicha informaci\u00f3n, elementos o comentarios, incluyendo cualquier sugerencia, concepto o conocimiento t\u00e9cnico.<\/p>\n\n\n\n<p>Strammer se r\u00e9serve le droit d&#8217;employer de tels informations, \u00e9l\u00e9ments ou commentaires de n&rsquo;importe quelle fa\u00e7on qu&rsquo;elle le choisira.<\/p>\n\n\n\n<p><strong>ENLACES<\/strong><\/p>\n\n\n\n<p>Los enlaces de hipertexto establecidos hacia otros sitios, principalmente hacia los sitios de los socios de Strammer, han sido objeto de una autorizaci\u00f3n expresa y previa. Dado que los enlaces se proporcionan para la conveniencia personal de los internautas, Strammer no ejerce ning\u00fan control sobre estos sitios y no acepta ninguna responsabilidad respecto a ellos, permaneciendo las p\u00e1ginas bajo la exclusiva responsabilidad de sus titulares.<\/p>\n\n\n\n<p>La reproducci\u00f3n de una p\u00e1gina del Sitio en un marco que no pertenezca a Strammer o la inserci\u00f3n de una p\u00e1gina que pertenezca a Strammer en la p\u00e1gina de un sitio que no pertenezca a Strammer est\u00e1 prohibida. Strammer se reserva el derecho de eliminar los enlaces propuestos por su sitio hacia un sitio de terceros.<\/p>\n\n\n\n<p>Los usuarios del sitio no pueden establecer un enlace hacia este Sitio sin la autorizaci\u00f3n previa y por escrito de la empresa Strammer.<\/p>\n\n\n\n<p><strong>MODIFICACI\u00d3N<\/strong><\/p>\n\n\n\n<p>Strammer se reserva el derecho de modificar el contenido del presente aviso legal en cualquier momento y sin previo aviso.<\/p>\n\n\n\n<p><strong>APPLICABLE LAW<\/strong><\/p>\n\n\n\n<p>El presente Sitio se rige por las leyes francesas.<\/p>\n\n\n\n<p>El usuario reconoce haber le\u00eddo el presente aviso legal y se compromete a respetarlo.<\/p>\n\n\n\n<p><strong>CONTACTO<\/strong><\/p>\n\n\n\n<p>Por tel\u00e9fono: +33153532570<\/p>\n\n\n\n<p>By email: contact@strammer.com<\/p>\n\n\n\n<p>Por correo postal: 11bis, Rue Leroux \u2013 75016 \u2013 Par\u00eds<\/p>\n\n\n\n<p>Cr\u00e9dito de videos: John Lavis<\/p>\n\n\n\n<p>Creaci\u00f3n del sitio web e identidad gr\u00e1fica: Agencia web Osmova <a href=\"https:\/\/osmova.com\/\" target=\"_blank\" rel=\"noopener\">Agence web Osmova <\/a><\/p>\n\n\n\n<div style=\"height:1rem\" aria-hidden=\"true\" class=\"wp-block-spacer\"><\/div>","protected":false},"excerpt":{"rendered":"<p>Conform\u00e9ment aux dispositions de la loi n\u00b0 2004-575 du 21 juin 2004 pour la confiance en l&rsquo;\u00e9conomie num\u00e9rique, il est pr\u00e9cis\u00e9 aux utilisateurs du site Strammer l&rsquo;identit\u00e9 des diff\u00e9rents intervenants dans le cadre de sa r\u00e9alisation et de son suivi. EDITION DU SITE Le site www.strammer.com , ci-apr\u00e8s d\u00e9nomm\u00e9 le Site, est la propri\u00e9t\u00e9 de [&hellip;]<\/p>\n","protected":false},"author":7,"featured_media":0,"parent":0,"menu_order":0,"comment_status":"open","ping_status":"closed","template":"","meta":{"_editorskit_title_hidden":false,"_editorskit_reading_time":0,"_editorskit_is_block_options_detached":false,"_editorskit_block_options_position":"{}","footnotes":""},"class_list":["post-19096","page","type-page","status-publish","hentry"],"acf":[],"_links":{"self":[{"href":"https:\/\/strammer.com\/es\/wp-json\/wp\/v2\/pages\/19096","targetHints":{"allow":["GET"]}}],"collection":[{"href":"https:\/\/strammer.com\/es\/wp-json\/wp\/v2\/pages"}],"about":[{"href":"https:\/\/strammer.com\/es\/wp-json\/wp\/v2\/types\/page"}],"author":[{"embeddable":true,"href":"https:\/\/strammer.com\/es\/wp-json\/wp\/v2\/users\/7"}],"replies":[{"embeddable":true,"href":"https:\/\/strammer.com\/es\/wp-json\/wp\/v2\/comments?post=19096"}],"version-history":[{"count":21,"href":"https:\/\/strammer.com\/es\/wp-json\/wp\/v2\/pages\/19096\/revisions"}],"predecessor-version":[{"id":27607,"href":"https:\/\/strammer.com\/es\/wp-json\/wp\/v2\/pages\/19096\/revisions\/27607"}],"wp:attachment":[{"href":"https:\/\/strammer.com\/es\/wp-json\/wp\/v2\/media?parent=19096"}],"curies":[{"name":"wp","href":"https:\/\/api.w.org\/{rel}","templated":true}]}}