{"id":25233,"date":"2022-05-04T22:36:51","date_gmt":"2022-05-04T22:36:51","guid":{"rendered":"https:\/\/strammer.com\/?page_id=25233"},"modified":"2026-04-30T08:33:09","modified_gmt":"2026-04-30T08:33:09","slug":"expertises","status":"publish","type":"page","link":"https:\/\/strammer.com\/es\/expertises\/","title":{"rendered":"Experiencia"},"content":{"rendered":"<div class=\"wp-block-cover top-hero-banner\"><img decoding=\"async\" class=\"wp-block-cover__image-background\" alt=\"\" src=\"https:\/\/strammer.com\/wp-content\/uploads\/assets\/building-background.png\" data-object-fit=\"cover\" title=\"\"><span aria-hidden=\"true\" class=\"wp-block-cover__background has-primary-background-color has-background-dim-80 has-background-dim\"><\/span><div class=\"wp-block-cover__inner-container is-layout-flow wp-block-cover-is-layout-flow\">\n<div class=\"wp-block-strammer-blocks-title text-center\" data-align=\"center\"><h1 class=\"title\" data-level=\"1\"><em>Experiencia<\/em> <br>&amp; Servicios<\/h1><\/div>\n<\/div><\/div>\n\n\n\n<div style=\"height:4px\" aria-hidden=\"true\" class=\"wp-block-spacer\"><\/div>\n\n\n\n<div class=\"wp-block-group is-layout-flow wp-block-group-is-layout-flow\">\n<div class=\"wp-block-strammer-blocks-title text-left\" data-align=\"left\"><h2 class=\"title\" data-level=\"2\">La salud es una de las principales<br>preocupaciones de <em>nuestros clientes<\/em><\/h2><\/div>\n<\/div>\n\n\n\n<div style=\"height:1rem\" aria-hidden=\"true\" class=\"wp-block-spacer\"><\/div>\n\n\n\n<div class=\"is-style-default has-logo-behind-lighter big-logo-behind wp-block-strammer-blocks-title-paragraph-circle-list\"><div class=\"list\">\n<div class=\"wp-block-strammer-blocks-title-paragraph-circle\"><h4>Biotecnolog\u00eda<\/h4><div class=\"text translation-block\">La <strong>biotecnolog\u00eda<\/strong> se basa esencialmente en la biolog\u00eda. <br>Implica que los organismos vivos y los procesos biol\u00f3gicos se utilizan para fabricar medicamentos y mejorar as\u00ed las condiciones de vida de los seres humanos.<\/div><\/div>\n\n\n\n<div class=\"wp-block-strammer-blocks-title-paragraph-circle\"><h4>Tecnolog\u00eda de la salud<\/h4><div class=\"text\">El t\u00e9rmino \"tecnolog\u00eda sanitaria\" se refiere a las empresas <strong>innovadoras <\/strong>desarrollan nuevos productos o tecnolog\u00edas en el \u00e1mbito de la <strong>salud humana<\/strong>.<br>Se trata de prevenir y vigilar, m\u00e1s que de tratar, permitiendo una verdadera <strong>implicaci\u00f3n del paciente <\/strong>en la gesti\u00f3n y el seguimiento de su propia salud.<\/div><\/div>\n\n\n\n<div class=\"wp-block-strammer-blocks-title-paragraph-circle\"><h4>Farmace\u00faticas<\/h4><div class=\"text\">La industria farmac\u00e9utica consiste en el descubrimiento, desarrollo, fabricaci\u00f3n y <strong>venta de<\/strong> <strong>f\u00e1rmacos <\/strong>para la medicina humana o veterinaria.<\/div><\/div>\n\n\n\n<div class=\"wp-block-strammer-blocks-title-paragraph-circle\"><h4>MedTech<\/h4><div class=\"text\">Las Medtech, por su parte, son empresas sanitarias que proporcionan productos utilizados principalmente en los hospitales para el diagn\u00f3stico, el tratamiento, la reparaci\u00f3n o la reconstrucci\u00f3n y, entre otras cosas, para <strong>mejorar la salud de los pacientes<\/strong>.&nbsp;<br><\/div><\/div>\n\n\n\n<div class=\"wp-block-strammer-blocks-title-paragraph-circle\"><h4>Salud Animal<\/h4><div class=\"text\">Acompa\u00f1amos a l\u00edderes globales y actores especializados dedicados al <strong>bienestar y la salud animal<\/strong>, desde la investigaci\u00f3n cl\u00ednica hasta la distribuci\u00f3n veterinaria.<\/div><\/div>\n\n\n\n<div class=\"wp-block-strammer-blocks-title-paragraph-circle\"><h4>Consumer Healthcare<\/h4><div class=\"text\">Actores del consumo sanitario,<strong>OTC y dermocosm\u00e9tica:<\/strong> identificamos talento \u00e1gil en la intersecci\u00f3n entre el rigor farmac\u00e9utico y el dinamismo del retail.<\/div><\/div>\n\n\n\n<div class=\"wp-block-strammer-blocks-title-paragraph-circle\"><h4>Diagn\u00f3stico &amp; Instrumentaci\u00f3n<\/h4><div class=\"text\">El <strong>Diagn\u00f3stico In Vitro (IVD)<\/strong> y la instrumentaci\u00f3n son pilares esenciales del recorrido asistencial. Reclutamos a los expertos que impulsan estas tecnolog\u00edas de precisi\u00f3n.<\/div><\/div>\n\n\n\n<div class=\"wp-block-strammer-blocks-title-paragraph-circle\"><h4>Digital Health<\/h4><div class=\"text\">Telemedicina, IA y e\u2011health: acompa\u00f1amos a los pioneros de la transformaci\u00f3n digital en la b\u00fasqueda de <strong>perfiles h\u00edbridos e innovadores.<\/strong><\/div><\/div>\n\n\n\n<div class=\"wp-block-strammer-blocks-title-paragraph-circle\"><h4>VC &amp; Private Equity<\/h4><div class=\"text\">Asesoramos a <strong>fondos de inversi\u00f3n<\/strong> especializados en Life Sciences para identificar l\u00edderes capaces de impulsar y dirigir el crecimiento de sus participadas.<\/div><\/div>\n<\/div><\/div>\n\n\n\n<div class=\"wp-block-strammer-blocks-flex-4-columns\"><div class=\"flex\"><\/div><\/div>\n\n\n\n<div class=\"wp-block-strammer-blocks-flex-2-columns\"><div class=\"flex\">\n<div class=\"wp-block-group is-content-justification-right is-nowrap is-layout-flex wp-container-core-group-is-layout-17124a9a wp-block-group-is-layout-flex\">\n<div class=\"wp-block-strammer-blocks-clip-image-container\"><div class=\"clip-image-path\"><svg class=\"absolute\" height=\"0\" width=\"0\">\n\t\t\t\t\t\t\t<defs>\n\t\t\t\t\t\t\t<clippath id=\"Clip_path_logo\" clippathunits=\"objectBoundingBox\">\n\t\t\t\t\t\t\t\t<path id=\"Logo_path\" data-name=\"Logo_path\" d=\"M0,0.785 c0.028,-0.047,0.046,-0.087,0.074,-0.122 c0.01,-0.012,0.043,-0.019,0.066,-0.019 c0.142,-0.002,0.285,-0.001,0.437,-0.001 c-0.106,-0.215,-0.209,-0.425,-0.316,-0.642 c0.059,0,0.108,-0.002,0.155,0.001 c0.017,0.001,0.039,0.015,0.046,0.027 c0.178,0.32,0.355,0.64,0.537,0.971 c-0.068,0,-0.129,0.002,-0.19,-0.001 c-0.014,-0.001,-0.03,-0.017,-0.038,-0.029 c-0.032,-0.047,-0.065,-0.094,-0.09,-0.143 c-0.017,-0.033,-0.042,-0.042,-0.086,-0.042 C0.403,0.785,0.21,0.785,0,0.785\"\/>\n\t\t\t\t\t\t\t<\/clippath>\n\t\t\t\t\t\t\t<\/defs>\n\t\t\t\t\t\t<\/svg><\/div><img decoding=\"async\" src=\"https:\/\/strammer.com\/wp-content\/uploads\/2026\/04\/petr-slovacek-YqVDdDkdFkw-unsplash-scaled-e1772623974239.jpg\" class=\"wp-block-strammer-blocks-clip-image\" alt=\"\" title=\"\"><\/div>\n\n\n\n<div class=\"wp-block-strammer-blocks-title text-left\" data-align=\"left\"><h5 class=\"title\" data-level=\"5\">\"El ecosistema startup est\u00e1 dando forma a la medicina del ma\u00f1ana, mejorando la calidad de vida de los pacientes y, sobre todo, salvando vidas.\"<\/h5><\/div>\n<\/div>\n<\/div><\/div>\n\n\n\n<figure class=\"wp-block-gallery aligncenter has-nested-images columns-4 is-cropped wp-block-gallery-1 is-layout-flex wp-block-gallery-is-layout-flex\">\n<figure class=\"wp-block-image size-large\"><img decoding=\"async\" data-id=\"27560\" src=\"https:\/\/strammer.com\/wp-content\/uploads\/2026\/04\/parrish-freeman-ecRunEeMnd8-unsplash-scaled-1.jpg\" alt=\"strammer - expertises\" class=\"wp-image-27560\" style=\"aspect-ratio:1\" title=\"\"><\/figure>\n\n\n\n<figure class=\"wp-block-image aligncenter size-large\"><img decoding=\"async\" data-id=\"27558\" src=\"https:\/\/strammer.com\/wp-content\/uploads\/2026\/04\/linli-xu-IyQ1qa7PxJc-unsplash-scaled-1.jpg\" alt=\"\" class=\"wp-image-27558\" style=\"aspect-ratio:1\" title=\"\"><\/figure>\n\n\n\n<figure class=\"wp-block-image size-large\"><img decoding=\"async\" data-id=\"27562\" src=\"https:\/\/strammer.com\/wp-content\/uploads\/2026\/04\/fulvio-ciccolo-Ab9Ee6LXLqw-unsplash-scaled-1.jpg\" alt=\"\" class=\"wp-image-27562\" style=\"aspect-ratio:1\" title=\"\"><\/figure>\n\n\n\n<figure class=\"wp-block-image size-large\"><img decoding=\"async\" data-id=\"27563\" src=\"https:\/\/strammer.com\/wp-content\/uploads\/2026\/04\/frames-for-your-heart-oVfLxXCw1Sw-unsplash-scaled-e1777473232190.jpg\" alt=\"\" class=\"wp-image-27563\" style=\"aspect-ratio:1\" title=\"\"><\/figure>\n<\/figure>\n\n\n\n<div id=\"services\" class=\"wp-block-group is-layout-flow wp-block-group-is-layout-flow\">\n<div class=\"wp-block-strammer-blocks-title text-left\" data-align=\"left\"><p class=\"text\">Nuestros Servicios<\/p><h2 class=\"title\" data-level=\"2\">Acompa\u00f1amiento <em>360\u00b0 <\/em> <br>Soluciones Integradas de Capital Humano<em> <\/em><\/h2><\/div>\n<\/div>\n\n\n\n<div style=\"height:1rem\" aria-hidden=\"true\" class=\"wp-block-spacer\"><\/div>\n\n\n\n<div class=\"is-style-default has-logo-behind-lighter big-logo-behind wp-block-strammer-blocks-title-paragraph-circle-list\"><div class=\"list\">\n<div class=\"wp-block-strammer-blocks-title-paragraph-circle\"><h4>Executive Search &amp; Recrutement<\/h4><div class=\"text\"><strong>Strammer acompa\u00f1a a las empresas del sector salud<\/strong> identificando el talento capaz de responder a sus retos estrat\u00e9gicos.<br><br>Como pilar central de nuestra <em>Full Talent Solution<\/em> nuestra oferta integrada de capital humano, seleccionamos y atraemos a sus futuros l\u00edderes (C-Level, Consejo, Alta Direcci\u00f3n), as\u00ed como a Managers y Expertos clave (Middle Management).<br><br>Nuestra metodolog\u00eda exclusiva se basa en un <strong>mapeo internacional y\/o local en profundidad <\/strong>y <strong>enfoque directo altamente espec\u00edfico<\/strong>, garantizando una <strong>alineaci\u00f3n duradera<\/strong> entre el l\u00edder incorporado y la cultura de su empresa. Flexible y r\u00e1pida, nuestra aproximaci\u00f3n ofrece resultados medibles en toda Europa.<br><br>Como <strong>socio estrat\u00e9gico del sector salud<\/strong>, transformamos su estrategia de talento en una ventaja competitiva real.<\/div><\/div>\n\n\n\n<div class=\"wp-block-strammer-blocks-title-paragraph-circle\"><h4>Diagnosis : Assessment &amp; Development<\/h4><div class=\"text\">Experiencia estructurada dise\u00f1ada para evaluar y reforzar competencias clave.<br><br>Nuestros casos est\u00e1n siempre <strong>contextualizados en entornos Farma o MedTech<\/strong> para medir visi\u00f3n estrat\u00e9gica, influencia y capacidad de gesti\u00f3n de la complejidad.<br><br>La evaluaci\u00f3n es la base de toda decisi\u00f3n en RR. HH. \u2014 contrataci\u00f3n, promoci\u00f3n, desarrollo, coaching, reestructuraci\u00f3n u outplacement \u2014 ya que aporta insights objetivos, cient\u00edficos y neutrales para orientar las decisiones. Strammer se apoya en herramientas de alto rendimiento operadas por un equipo dedicado de expertos.<\/div><\/div>\n\n\n\n<div class=\"wp-block-strammer-blocks-title-paragraph-circle\"><h4>Acceleration &amp; Performance<\/h4><div class=\"text\">El coaching est\u00e1 dise\u00f1ado para <strong>mejorar las habilidades<\/strong>, conseguir las posturas adecuadas, aumentar el impacto en los dem\u00e1s y contribuir al rendimiento de un individuo o un grupo de individuos. <em>\u201cEs imprescindible en cualquier carrera. Solo los buenos son coachados.\u201d <\/em>CEO Talks<br><br>Tanto si quieres sentirte m\u00e1s en sinton\u00eda con tu funci\u00f3n como si quieres pasar a puestos de mayor responsabilidad, existen <strong>herramientas espec\u00edficas <\/strong>para ayudarte a <strong>alcanzar tus objetivos personales.\u00a0<\/strong>.<br><br>Nuestros coaches certificados I.C.F. acompa\u00f1an a sus l\u00edderes, especialmente a trav\u00e9s del<strong>Onboarding.<\/strong>Este programa de 6 meses hace la integraci\u00f3n <strong>un 53% m\u00e1s eficaz<\/strong>, acelerando resultados tangibles y la adhesi\u00f3n a la cultura corporativa.<br><\/div><\/div>\n\n\n\n<div class=\"wp-block-strammer-blocks-title-paragraph-circle\"><h4>Peer-to-Peer Mentoring<\/h4><div class=\"text\">El t\u00e9rmino \u201cmentor\u201d proviene del h\u00e9roe de la Odisea. Como \u00e9l, nuestros mentores le gu\u00edan y apoyan en el desarrollo de sus soft skills y, sobre todo, de sus hard skills.<br><br>Nuestros mentores son<strong>ex altos directivos del sector salud<\/strong> (con una media de 30 a\u00f1os de experiencia). Acompa\u00f1an a sus talentos en el fortalecimiento de competencias t\u00e9cnicas y comportamentales para garantizar la excelencia operativa.<br><br><strong>Resultado: un ahorro de tiempo significativo y una eficiencia radicalmente mayor.\u00a0<\/strong><\/div><\/div>\n\n\n\n<div class=\"wp-block-strammer-blocks-title-paragraph-circle\"><h4>Upskilling &amp; Leader 4.0<\/h4><div class=\"text\">Dise\u00f1amos programas ad\u2011hoc (Inteligencia Emocional, Agilidad, Gesti\u00f3n Remota) para reforzar la competitividad de sus equipos. <br><br>Nuestros m\u00f3dulos transforman a sus managers en <strong>Managers Coachs<\/strong> capaces de liderar la transformaci\u00f3n. En un entorno en constante evoluci\u00f3n, el\u00a0<strong>\"Re-skilling\"<\/strong>\u00a0y el\u00a0<strong>\"Upskilling\"<\/strong>\u00a0se han vuelto imprescindibles \u2014 la base de las empresas exitosas y de los equipos de alto rendimiento.\u00a0<br><br>\u279d <strong>\u00a1Strammer ha desarrollado una amplia oferta de programas formativos, presenciales o a distancia, totalmente adaptados a sus necesidades espec\u00edficas!\u00a0\u00a0<\/strong><\/div><\/div>\n\n\n\n<div class=\"wp-block-strammer-blocks-title-paragraph-circle\"><h4>Transici\u00f3n Profesional<\/h4><div class=\"text\"><em>\u201cLa inteligencia es la capacidad de adaptarse al cambio\u201d<\/em>\u00a0&#8211; Stephen Hawking<br><br>Despido, acuerdo mutuo, reorientaci\u00f3n profesional u otros contextos \u2014 cambiar de empresa se ha convertido en algo habitual hoy en d\u00eda.\u00a0<br><br>Strammer le acompa\u00f1ar\u00e1 en su <strong>transici\u00f3n profesional <\/strong>En programas de 6 a 12 meses, trabajamos sobre tres pilares: an\u00e1lisis de carrera, <strong>estrategia de posicionamiento (Pitch \/ CV \/ Digital)<\/strong> y negociaci\u00f3n, para ayudarle a construir con \u00e9xito su pr\u00f3ximo cap\u00edtulo profesional.<br><br><\/div><\/div>\n<\/div><\/div>\n\n\n\n<div style=\"height:2rem\" aria-hidden=\"true\" class=\"wp-block-spacer\"><\/div>\n\n\n\n<div class=\"button-cta-container align-center\"><a class=\"wp-block-strammer-blocks-button-cta button is-style-fill\" href=\"https:\/\/strammer.com\/es\/contact\/\" data-style=\"fill\" data-align=\"center\" data-arrow=\"true\"><span class=\"text\">Cont\u00e1ctanos<\/span><span class=\"icon\"><svg xmlns=\"http:\/\/www.w3.org\/2000\/svg\" width=\"18.966\" height=\"14.343\" viewbox=\"0 0 18.966 14.343\">\n\t\t\t\t\t\t\t\t\t\t\t\t<g id=\"Groupe_709\" data-name=\"Groupe 709\" transform=\"translate(-662.513 1016.568) rotate(-90)\">\n\t\t\t\t\t\t\t\t\t\t\t\t\t<line id=\"Ligne_4\" data-name=\"Ligne 4\" y2=\"17.872\" transform=\"translate(1009.069 662.513)\" fill=\"none\" stroke=\"currentColor\" stroke-miterlimit=\"10\" stroke-width=\"1.5\"\/>\n\t\t\t\t\t\t\t\t\t\t\t\t\t<path id=\"Trac\u00e9_21\" data-name=\"Trac\u00e9 21\" d=\"M1016.038,673.41l-6.979,6.979-6.277-6.979\" fill=\"none\" stroke=\"currentColor\" stroke-miterlimit=\"10\" stroke-width=\"1.5\"\/>\n\t\t\t\t\t\t\t\t\t\t\t\t<\/g>\n\t\t\t\t\t\t\t\t\t\t\t<\/svg>\n\t\t\t\t\t\t\t\t<\/span><\/a><\/div>\n\n\n\n<p><\/p>\n\n\n\n<div style=\"height:100px\" aria-hidden=\"true\" class=\"wp-block-spacer\"><\/div>","protected":false},"excerpt":{"rendered":"","protected":false},"author":6,"featured_media":0,"parent":0,"menu_order":0,"comment_status":"closed","ping_status":"closed","template":"","meta":{"_editorskit_title_hidden":false,"_editorskit_reading_time":3,"_editorskit_is_block_options_detached":false,"_editorskit_block_options_position":"{}","footnotes":""},"class_list":["post-25233","page","type-page","status-publish","hentry"],"acf":[],"_links":{"self":[{"href":"https:\/\/strammer.com\/es\/wp-json\/wp\/v2\/pages\/25233","targetHints":{"allow":["GET"]}}],"collection":[{"href":"https:\/\/strammer.com\/es\/wp-json\/wp\/v2\/pages"}],"about":[{"href":"https:\/\/strammer.com\/es\/wp-json\/wp\/v2\/types\/page"}],"author":[{"embeddable":true,"href":"https:\/\/strammer.com\/es\/wp-json\/wp\/v2\/users\/6"}],"replies":[{"embeddable":true,"href":"https:\/\/strammer.com\/es\/wp-json\/wp\/v2\/comments?post=25233"}],"version-history":[{"count":89,"href":"https:\/\/strammer.com\/es\/wp-json\/wp\/v2\/pages\/25233\/revisions"}],"predecessor-version":[{"id":27679,"href":"https:\/\/strammer.com\/es\/wp-json\/wp\/v2\/pages\/25233\/revisions\/27679"}],"wp:attachment":[{"href":"https:\/\/strammer.com\/es\/wp-json\/wp\/v2\/media?parent=25233"}],"curies":[{"name":"wp","href":"https:\/\/api.w.org\/{rel}","templated":true}]}}