{"id":25271,"date":"2022-05-11T15:33:45","date_gmt":"2022-05-11T15:33:45","guid":{"rendered":"https:\/\/strammer.com\/?page_id=25271"},"modified":"2026-03-23T15:52:24","modified_gmt":"2026-03-23T15:52:24","slug":"contactez-nous","status":"publish","type":"page","link":"https:\/\/strammer.com\/es\/contactez-nous\/","title":{"rendered":"Cont\u00e1ctanos"},"content":{"rendered":"\n<div class=\"wp-block-cover top-hero-banner\"><img loading=\"lazy\" decoding=\"async\" width=\"1920\" height=\"1280\" class=\"wp-block-cover__image-background wp-image-25510\" alt=\"\" src=\"https:\/\/strammer.com\/wp-content\/uploads\/2022\/06\/Balloons.jpg\" data-object-fit=\"cover\" title=\"\" srcset=\"https:\/\/strammer.com\/wp-content\/uploads\/2022\/06\/Balloons.jpg 1920w, https:\/\/strammer.com\/wp-content\/uploads\/2022\/06\/Balloons-300x200.jpg 300w, https:\/\/strammer.com\/wp-content\/uploads\/2022\/06\/Balloons-1024x683.jpg 1024w, https:\/\/strammer.com\/wp-content\/uploads\/2022\/06\/Balloons-768x512.jpg 768w, https:\/\/strammer.com\/wp-content\/uploads\/2022\/06\/Balloons-1536x1024.jpg 1536w, https:\/\/strammer.com\/wp-content\/uploads\/2022\/06\/Balloons-18x12.jpg 18w\" sizes=\"auto, (max-width: 1920px) 100vw, 1920px\" \/><span aria-hidden=\"true\" class=\"wp-block-cover__background has-primary-background-color has-background-dim-80 has-background-dim\"><\/span><div class=\"wp-block-cover__inner-container is-layout-flow wp-block-cover-is-layout-flow\">\n<div class=\"wp-block-strammer-blocks-title text-center\" data-align=\"center\"><p class=\"text\">Contactez-nous<\/p><h1 class=\"title\" data-level=\"1\">Besoin de plus<br><em>d&rsquo;informations ?<\/em><\/h1><\/div>\n<\/div><\/div>\n\n\n\n<div style=\"height:48px\" aria-hidden=\"true\" class=\"wp-block-spacer\"><\/div>\n\n\n\n<div class=\"wp-block-cover alignfull is-light\" style=\"min-height:25vw;aspect-ratio:unset;\"><video class=\"wp-block-cover__video-background intrinsic-ignore\" autoplay muted loop playsinline src=\"https:\/\/strammer.com\/wp-content\/uploads\/2022\/06\/Vagues_Anim.mp4\" data-object-fit=\"cover\"><\/video><span aria-hidden=\"true\" class=\"wp-block-cover__background has-background-dim-0 has-background-dim\"><\/span><div class=\"wp-block-cover__inner-container is-layout-flow wp-block-cover-is-layout-flow\">\n<div class=\"wp-block-group is-layout-constrained wp-block-group-is-layout-constrained\">\n<div class=\"wp-block-strammer-blocks-grid-2-columns\"><div class=\"grid\">\n<div class=\"wp-block-group is-layout-flow wp-block-group-is-layout-flow\">\n<div class=\"wp-block-strammer-blocks-title text-left\" data-align=\"left\"><h2 class=\"title\" data-level=\"2\">En quoi pouvons-nous<br><em>vous aider ?<\/em><\/h2><\/div>\n\n\n\n<div class=\"wp-block-group is-layout-flow wp-block-group-is-layout-flow\">\n<h3 class=\"wp-block-heading is-style-default has-small-font-size\">Coordonn\u00e9es<\/h3>\n\n\n\n<div class=\"wp-block-group contact-info is-layout-flow wp-block-group-is-layout-flow\">\n<h4 class=\"wp-block-heading is-style-default has-primary-color has-text-color has-small-font-size\" style=\"margin-bottom:0.5rem\">Email<\/h4>\n\n\n\n<p class=\"no-margin-top\"><a href=\"mailto:contact@strammer.com\" class=\"ek-link\">contact@strammer.com<\/a><\/p>\n<\/div>\n\n\n\n<div class=\"wp-block-group contact-info phone-list is-nowrap is-layout-flex wp-container-core-group-is-layout-6c531013 wp-block-group-is-layout-flex\">\n<div class=\"wp-block-group is-layout-flow wp-block-group-is-layout-flow\">\n\n<\/div>\n\n\n\n<div class=\"wp-block-group is-layout-flow wp-block-group-is-layout-flow\">\n\n<\/div>\n\n\n\n<div class=\"wp-block-group is-layout-flow wp-block-group-is-layout-flow\">\n\n<\/div>\n\n\n\n<div class=\"wp-block-group is-layout-flow wp-block-group-is-layout-flow\">\n\n<\/div>\n\n\n\n<div class=\"wp-block-group is-layout-flow wp-block-group-is-layout-flow\">\n\n<\/div>\n<\/div>\n<\/div>\n<\/div>\n\n\n\n<div class=\"is-style-bordered-shadow wp-block-strammer-blocks-europe-map\"><div class=\"pins-list\">\n<div class=\"wp-block-strammer-blocks-map-pin\" data-title=\"STRAMMER France\" data-latitude=\"48.86\" data-longitude=\"2.34\">264 rue du Faubourg Saint-Honor\u00e9&lt;br&gt;75008 Paris &lt;br&gt;&lt;br&gt;+33 (0)1.53.53.25.70<\/div>\n\n\n\n<div class=\"wp-block-strammer-blocks-map-pin\" data-title=\"STRAMMER Barcelona\" data-latitude=\"41.39\" data-longitude=\"2.17\">Rambla de Catalunya 135 \u2013 Atico 2a 08008 Barcelona, Spain &lt;br&gt;&lt;br&gt;+34 673 593 224<\/div>\n\n\n\n<div class=\"wp-block-strammer-blocks-map-pin\" data-title=\"STRAMMER Belgium\" data-latitude=\"50.85\" data-longitude=\"4.35\">&lt;em&gt;St\u00e9phanie Plaza&lt;\/em&gt;&lt;br&gt;Avenue Louise 54, 1050 Bruxelles &lt;br&gt;&lt;br&gt;+32 470 59 18 54<\/div>\n\n\n\n<div class=\"wp-block-strammer-blocks-map-pin\" data-title=\"STRAMMER Madrid\" data-latitude=\"40.416\" data-longitude=\"-3.70<br&gt;<br&gt;STRAMMER Milan<br&gt;<br&gt;Regus <br\/&gt;Milan Via Broletto 46 <br&gt;<br&gt;\">Paseo de la Castellana 141&lt;br\/&gt;Edif. Cuzco IV&lt;br\/&gt;28046 Madrid, Spain&lt;br\/&gt;+34 91 418 50 53<\/div>\n<\/div><\/div>\n<\/div><\/div>\n<\/div>\n<\/div><\/div>\n\n\n\n<div id=\"adress-list-container\" class=\"wp-block-group has-clear-blue-background-color has-background is-layout-flow wp-block-group-is-layout-flow\" style=\"padding-top:96px;padding-bottom:96px\">\n<div class=\"wp-block-group is-layout-constrained wp-block-group-is-layout-constrained\">\n<h3 class=\"wp-block-heading is-style-default has-primary-color has-text-color has-small-font-size\">Adresses<\/h3>\n\n\n\n<div id=\"contact-address-list\" class=\"wp-block-group is-layout-flex wp-block-group-is-layout-flex\">\n<div class=\"wp-block-group is-layout-flow wp-block-group-is-layout-flow\">\n<p class=\"no-margin-y has-semilarge-font-size\">STRAMMER <br>Paris<\/p>\n\n\n\n<p class=\"no-margin-y has-primary-color has-text-color\">11bis, Rue Leroux<br>75016 Paris France<br>+33 (0)1 53 53 25.70<\/p>\n<\/div>\n\n\n\n<div class=\"wp-block-group is-layout-flow wp-block-group-is-layout-flow\">\n<p class=\"no-margin-y has-semilarge-font-size\">STRAMMER <br>Bruxelles<\/p>\n\n\n\n<p class=\"no-margin-y has-primary-color has-text-color\">St\u00e9phanie Plaza <br> Avenue Louise, 54 <br>1050 &#8211; Bruxelles Belgium <br>+32 470 59 18 54<\/p>\n<\/div>\n\n\n\n<div class=\"wp-block-group is-layout-flow wp-block-group-is-layout-flow\">\n<p class=\"no-margin-y has-semilarge-font-size\">STRAMMER <br>Gen\u00e8ve<\/p>\n\n\n\n<p class=\"no-margin-y has-primary-color has-text-color\">R<mark style=\"background-color:rgba(0, 0, 0, 0)\" class=\"has-inline-color has-primary-color\">oute des Jeunes 9<\/mark><br><mark style=\"background-color:rgba(0, 0, 0, 0)\" class=\"has-inline-color has-primary-color\">1227 Carouge &#8211; LES ACACIAS<br>+32 470 59 18 54<\/mark><\/p>\n<\/div>\n\n\n\n<div class=\"wp-block-group is-layout-flow wp-block-group-is-layout-flow\">\n<p class=\"no-margin-y has-semilarge-font-size\">STRAMMER <br>Madrid<\/p>\n\n\n\n<p class=\"no-margin-y has-primary-color has-text-color\">Paseo de la Castellana 141<br>Edif. Cuzco IV<br>28046 Madrid, Spain<br>+34 91 418 50 53<\/p>\n<\/div>\n\n\n\n<div class=\"wp-block-group is-layout-flow wp-block-group-is-layout-flow\">\n<p class=\"no-margin-y has-semilarge-font-size\">STRAMMER <br>Barcelone<\/p>\n\n\n\n<p class=\"no-margin-y has-primary-color has-text-color\">Avenida diagonal 545<br>Planta 4 y 5<br>08029 Barcelone<br>+34 67 881 16 03<\/p>\n<\/div>\n\n\n\n<div class=\"wp-block-group is-layout-flow wp-block-group-is-layout-flow\">\n<p class=\"no-margin-y has-semilarge-font-size\">STRAMMER <br>Milan<\/p>\n\n\n\n<p class=\"no-margin-y has-primary-color has-text-color\">Regus &#8211; Milan <br>Via Broletto 46, <br>20121 Italie<br>+34 67 881 16 03<\/p>\n<\/div>\n<\/div>\n<\/div>\n<\/div>\n\n\n\n<div class=\"wp-block-columns is-layout-flex wp-container-core-columns-is-layout-28f84493 wp-block-columns-is-layout-flex\">\n<div class=\"wp-block-column has-logo-behind-lighter is-layout-flow wp-block-column-is-layout-flow\" style=\"flex-basis:33.33%\">\n<div class=\"wp-block-group is-layout-flow wp-block-group-is-layout-flow\">\n<div class=\"wp-block-strammer-blocks-title text-left\" data-align=\"left\"><p class=\"text\">Contact<\/p><h2 class=\"title\" data-level=\"2\">Contactez-nous<br><em>directement<\/em><\/h2><\/div>\n<\/div>\n<\/div>\n\n\n\n<div class=\"wp-block-column is-layout-flow wp-block-column-is-layout-flow\" style=\"flex-basis:66.66%\">\n<div class=\"wp-block-cwp-reusable-form\"><!-- wp:cwp\/block-gutenberg-forms {\"submitLabel\":\"Envoyer le message\",\"buttonSetting\":{\"disable\":false},\"id\":\"submit-3901bca1-a628-495d-bc2d-e983b6cbac75\",\"email\":\"contact@strammer.com\",\"cc\":\"strammer.osmova@gmail.com\",\"fromEmail\":\"Strammer\",\"successMessage\":\"Le message a \u00e9t\u00e9 envoy\u00e9 avec succ\u00e8s.\",\"theme\":{\"fieldBackgroundColor\":\"\"},\"formType\":\"standard\",\"encryption\":\"multipart\/form-data\",\"cpt\":true,\"formLabel\":\"Formulaire de contact (FR)\",\"spamProtections\":[{\"title\":\"ReCaptcha v2\",\"fields\":{\"site_key\":{\"label\":\"Site Key\",\"default\":\"\",\"type\":\"string\",\"value\":\"6LdwBc4gAAAAANjdp21i7kG7e6jhp3mTCei2YZka\"},\"client_secret\":{\"label\":\"Client Secret\",\"default\":\"\",\"type\":\"string\",\"value\":\"6LdwBc4gAAAAAATu9ybx4xrIr_mV2wGpabMQs-CL\"}}}],\"template\":\"{\\u0022subject\\u0022:\\u0022New Form Submission\\u0022,\\u0022body\\u0022:\\u0022{{all_data}}\\u0022}\",\"spamMessage\":\"Une erreur est survenue lors de l'envoi du message. Veuillez r\u00e9ssayer ult\u00e9rieurement.\",\"errorMessage\":\"Une erreur est survenue lors de l'envoi du message. Veuillez r\u00e9ssayer ult\u00e9rieurement.\"} -->\r\n<div class=\"wp-block-cwp-block-gutenberg-forms\"><div class=\"cwp-form\" data-formtype=\"standard\" id=\"form-3901bca1\" data-recaptchaenable=\"true\" data-sitekey=\"6LdwBc4gAAAAANjdp21i7kG7e6jhp3mTCei2YZka\"><form method=\"POST\" id=\"submit-3901bca1-a628-495d-bc2d-e983b6cbac75\" enctype=\"multipart\/form-data\" data-formid=\"submit-3901bca1-a628-495d-bc2d-e983b6cbac75\"><!-- wp:cwp\/name {\"name\":\"Nom et pr\u00e9nom\",\"label\":\"Nom et pr\u00e9nom\",\"id\":\"8f1668__LS1uYW1lLThmMTY2OC1mYWxzZS1uYW1lLU5vbQ%3D%3D\",\"field_name\":\"name-8f1668\",\"messages\":{\"empty\":\"Please fill out this field!\",\"invalidName\":\"The name {{value}} is not valid!\",\"fieldName\":\"name\"},\"condition\":{\"field\":\"email-7498d2\",\"condition\":\"===\",\"value\":\"\"},\"adminId\":{\"value\":\"Nom\",\"default\":\"name_8f1668\"}} -->\r\n<div class=\"wp-block-cwp-name cwp-name cwp-field\"><div class=\"cwp-field-set\"><label for=\"8f1668__LS1uYW1lLThmMTY2OC1mYWxzZS1uYW1lLU5vbQ%3D%3D\">Nom et pr\u00e9nom<\/label><div class=\"cwp-field-with-elements\"><input id=\"8f1668__LS1uYW1lLThmMTY2OC1mYWxzZS1uYW1lLU5vbQ%3D%3D\" aria-label=\"Nom et pr\u00e9nom\" data-cwp-field=\"true\" name=\"8f1668__LS1uYW1lLThmMTY2OC1mYWxzZS1uYW1lLU5vbQ%3D%3D\" title=\"The name {{value}} is not valid!\" data-errors=\"{&quot;mismatch&quot;:&quot;The name {{value}} is not valid!&quot;,&quot;empty&quot;:&quot;Please fill out this field!&quot;}\" type=\"text\" data-rule=\"false\" placeholder=\"Nom et pr\u00e9nom\"\/><\/div><\/div><\/div>\r\n<!-- \/wp:cwp\/name -->\r\n\r\n<!-- wp:cwp\/email {\"email\":\"Adresse e-mail\",\"id\":\"7498d2__LS1lbWFpbC03NDk4ZDItZmFsc2UtZW1haWwtRW1haWw%3D\",\"field_name\":\"email-7498d2\",\"messages\":{\"empty\":\"Please fill out this field!\",\"invalidEmail\":\"The email {{value}} is not valid!\",\"fieldName\":\"email\"},\"condition\":{\"field\":\"name-8f1668\",\"condition\":\"===\",\"value\":\"\"},\"adminId\":{\"value\":\"Email\",\"default\":\"email_7498d2\"}} -->\r\n<div class=\"wp-block-cwp-email cwp-email cwp-field\"><div class=\"cwp-field-set\"><label for=\"7498d2__LS1lbWFpbC03NDk4ZDItZmFsc2UtZW1haWwtRW1haWw%3D\">Email<\/label><div class=\"cwp-field-with-elements\"><input id=\"7498d2__LS1lbWFpbC03NDk4ZDItZmFsc2UtZW1haWwtRW1haWw%3D\" aria-label=\"Email\" name=\"7498d2__LS1lbWFpbC03NDk4ZDItZmFsc2UtZW1haWwtRW1haWw%3D\" type=\"email\" data-errors=\"{&quot;mismatch&quot;:&quot;The email {{value}} is not valid!&quot;,&quot;empty&quot;:&quot;Please fill out this field!&quot;}\" data-cwp-field=\"true\" data-validation=\"email\" data-parsley-type=\"email\" placeholder=\"Adresse e-mail\"\/><\/div><\/div><\/div>\r\n<!-- \/wp:cwp\/email -->\r\n\r\n<!-- wp:cwp\/form-group {\"styling\":{\"padding\":0,\"borderWidth\":0,\"borderRadius\":0},\"label\":\"\",\"condition\":{\"field\":\"name-8f1668\",\"condition\":\"===\",\"value\":\"\"}} -->\r\n<fieldset style=\"border:0px solid undefined;padding:0;border-width:0;border-radius:0\" class=\"wp-block-cwp-form-group cwp-form-group\"><div class=\"cwp-group-fields\"><!-- wp:cwp\/select {\"options\":[{\"label\":\"Demande d'informations\"},{\"label\":\"Candidature spontan\u00e9e\"}],\"label\":\"Sujet\",\"id\":\"ea9804__LS1zZWxlY3QtZWE5ODA0LWZhbHNlLXNlbGVjdC1TdWpldA%3D%3D\",\"field_name\":\"select-ea9804\",\"messages\":{\"empty\":\"Please select option!\",\"fieldName\":\"select\"},\"condition\":{\"field\":\"name-8f1668\",\"condition\":\"===\",\"value\":\"\"},\"adminId\":{\"value\":\"Sujet\",\"default\":\"select_ea9804\"}} -->\r\n<div class=\"wp-block-cwp-select cwp-select cwp-field\"><div class=\"cwp-select-set\"><label>Sujet<\/label><select name=\"ea9804__LS1zZWxlY3QtZWE5ODA0LWZhbHNlLXNlbGVjdC1TdWpldA%3D%3D\" id=\"ea9804__LS1zZWxlY3QtZWE5ODA0LWZhbHNlLXNlbGVjdC1TdWpldA%3D%3D\" data-rule=\"false\" data-cwp-field=\"true\" data-errors=\"{&quot;empty&quot;:&quot;Please select option!&quot;}\"><option selected value=\"Demande d'informations\">Demande d'informations<\/option><option value=\"Candidature spontan\u00e9e\">Candidature spontan\u00e9e<\/option><\/select><\/div><\/div>\r\n<!-- \/wp:cwp\/select -->\r\n\r\n<!-- wp:cwp\/file-upload {\"enableCondition\":true,\"label\":\"Pi\u00e8ce jointe\",\"id\":\"608e35__LS1maWxlX3VwbG9hZC02MDhlMzUtZmFsc2UtZmlsZV91cGxvYWQtRmljaGllci1bImpwZyIsImpwZWciLCJwbmciLCJnaWYiLCJwZGYiLCJkb2MiLCJkb2N4IiwicHB0IiwicHB0eCIsIm9kdCIsImF2aSIsIm9nZyIsIm00YSIsIm1vdiIsIm1wMyIsIm1wNCIsIm1wZyIsIndhdiIsIndtdiJd\",\"field_name\":\"file_upload-608e35\",\"messages\":{\"empty\":\"Please select a file\",\"invalid\":\"The file {{value}} is not valid!\",\"fieldName\":\"file-upload\"},\"condition\":{\"field\":\"select-ea9804\",\"condition\":\"===\",\"value\":\"Candidature spontan\u00e9e\"},\"adminId\":{\"value\":\"Fichier\",\"default\":\"file_upload_608e35\"},\"className\":\"is-style-default\"} -->\r\n<div class=\"wp-block-cwp-file-upload cwp-file cwp-field is-style-default\" data-condition=\"{&quot;field&quot;:&quot;select-ea9804&quot;,&quot;condition&quot;:&quot;===&quot;,&quot;value&quot;:&quot;Candidature spontan\u00e9e&quot;}\"><div class=\"cwp-field-set\"><label for=\"608e35__LS1maWxlX3VwbG9hZC02MDhlMzUtZmFsc2UtZmlsZV91cGxvYWQtRmljaGllci1bImpwZyIsImpwZWciLCJwbmciLCJnaWYiLCJwZGYiLCJkb2MiLCJkb2N4IiwicHB0IiwicHB0eCIsIm9kdCIsImF2aSIsIm9nZyIsIm00YSIsIm1vdiIsIm1wMyIsIm1wNCIsIm1wZyIsIndhdiIsIndtdiJd\">Pi\u00e8ce jointe<\/label><input id=\"608e35__LS1maWxlX3VwbG9hZC02MDhlMzUtZmFsc2UtZmlsZV91cGxvYWQtRmljaGllci1bImpwZyIsImpwZWciLCJwbmciLCJnaWYiLCJwZGYiLCJkb2MiLCJkb2N4IiwicHB0IiwicHB0eCIsIm9kdCIsImF2aSIsIm9nZyIsIm00YSIsIm1vdiIsIm1wMyIsIm1wNCIsIm1wZyIsIndhdiIsIndtdiJd\" accept=\".jpg,.jpeg,.png,.gif,.pdf,.doc,.docx,.ppt,.pptx,.odt,.avi,.ogg,.m4a,.mov,.mp3,.mp4,.mpg,.wav,.wmv\" aria-label=\"Pi\u00e8ce jointe\" data-cwp-field=\"true\" name=\"608e35__LS1maWxlX3VwbG9hZC02MDhlMzUtZmFsc2UtZmlsZV91cGxvYWQtRmljaGllci1bImpwZyIsImpwZWciLCJwbmciLCJnaWYiLCJwZGYiLCJkb2MiLCJkb2N4IiwicHB0IiwicHB0eCIsIm9kdCIsImF2aSIsIm9nZyIsIm00YSIsIm1vdiIsIm1wMyIsIm1wNCIsIm1wZyIsIndhdiIsIndtdiJd\" title=\"The file {{value}} is not valid!\" data-errors=\"{&quot;mismatch&quot;:&quot;The file {{value}} is not valid!&quot;,&quot;empty&quot;:&quot;Please select a file&quot;}\" data-rule=\"false\" type=\"file\"\/><\/div><\/div>\r\n<!-- \/wp:cwp\/file-upload --><\/div><\/fieldset>\r\n<!-- \/wp:cwp\/form-group -->\r\n\r\n<!-- wp:cwp\/message {\"message\":\"D\u00e9crivez votre besoin en quelques lignes...\",\"id\":\"7a7070__LS1tZXNzYWdlLTdhNzA3MC1mYWxzZS1tZXNzYWdlLU1lc3NhZ2U%3D\",\"field_name\":\"message-7a7070\",\"messages\":{\"empty\":\"Please fill out this field!\",\"invalid\":\"The message {{value}} is not valid!\",\"fieldName\":\"message\"},\"condition\":{\"field\":\"name-8f1668\",\"condition\":\"===\",\"value\":\"\"},\"adminId\":{\"value\":\"Message\",\"default\":\"message_7a7070\"}} -->\r\n<div class=\"wp-block-cwp-message cwp-message cwp-field\"><div class=\"cwp-field-set\"><label for=\"7a7070__LS1tZXNzYWdlLTdhNzA3MC1mYWxzZS1tZXNzYWdlLU1lc3NhZ2U%3D\">Message<\/label><textarea id=\"7a7070__LS1tZXNzYWdlLTdhNzA3MC1mYWxzZS1tZXNzYWdlLU1lc3NhZ2U%3D\" aria-label=\"Message\" style=\"height:200px\" data-cwp-field=\"true\" minlength=\"0\" maxlength=\"1000\" name=\"7a7070__LS1tZXNzYWdlLTdhNzA3MC1mYWxzZS1tZXNzYWdlLU1lc3NhZ2U%3D\" title=\"The message {{value}} is not valid!\" data-errors=\"{&quot;mismatch&quot;:&quot;The message {{value}} is not valid!&quot;,&quot;empty&quot;:&quot;Please fill out this field!&quot;}\" data-rule=\"false\" placeholder=\"D\u00e9crivez votre besoin en quelques lignes...\"><\/textarea><\/div><\/div>\r\n<!-- \/wp:cwp\/message -->\r\n\r\n<!-- wp:cwp\/yes-no {\"isRequired\":true,\"label\":\"\\u003cstrong\\u003eEn cochant cette case, vous acceptez que les informations saisies soient utilis\u00e9es dans le cadre des demandes de relations commerciales ult\u00e9rieures.\\u003c\/strong\\u003e\",\"id\":\"4bf131__LS15ZXNfbm8tNGJmMTMxLXRydWUteWVzX25vLVJHUEQ%3D\",\"field_name\":\"yes_no-4bf131\",\"adminId\":{\"value\":\"RGPD\",\"default\":\"yes_no_4bf131\"},\"className\":\"is-style-inline\"} -->\r\n<div class=\"wp-block-cwp-yes-no cwp-yes-no cwp-field is-style-inline\"><div class=\"cwp-field-set\"><label for=\"4bf131__LS15ZXNfbm8tNGJmMTMxLXRydWUteWVzX25vLVJHUEQ%3D\"><strong>En cochant cette case, vous acceptez que les informations saisies soient utilis\u00e9es dans le cadre des demandes de relations commerciales ult\u00e9rieures.<\/strong> <abbr title=\"required\" aria-label=\"required\">*<\/abbr><\/label><label class=\"cwp-switch\"><input name=\"4bf131__LS15ZXNfbm8tNGJmMTMxLXRydWUteWVzX25vLVJHUEQ%3D\" id=\"4bf131__LS15ZXNfbm8tNGJmMTMxLXRydWUteWVzX25vLVJHUEQ%3D\" type=\"hidden\" value=\"no\" readonly\/><input name=\"4bf131__LS15ZXNfbm8tNGJmMTMxLXRydWUteWVzX25vLVJHUEQ%3D\" required data-cwp-field=\"true\" aria-label=\"En cochant cette case, vous acceptez que les informations saisies soient utilis\u00e9es dans le cadre des demandes de relations commerciales ult\u00e9rieures.\" type=\"checkbox\"\/><span class=\"cwp-slider\"><\/span><\/label><\/div><\/div>\r\n<!-- \/wp:cwp\/yes-no --><div class=\"g-recaptcha\" id=\"submit-3901bca1-a628-495d-bc2d-e983b6cbac75g-render\" data-sitekey=\"6LdwBc4gAAAAANjdp21i7kG7e6jhp3mTCei2YZka\"><\/div><div style=\"display:none\"><input type=\"hidden\" name=\"gf_form_label\" value=\"Formulaire de contact (FR)\"\/><input type=\"hidden\" name=\"gf_form_id\" value=\"form-3901bca1\"\/><\/div><div class=\"cwp-submit undefined\"><button style=\"background-color:white\" name=\"submit\" value=\"submit-3901bca1-a628-495d-bc2d-e983b6cbac75\" type=\"submit\" class=\"cwp-submit-btn cwp-default-submit-btn\">Envoyer le message<\/button><\/div><\/form><div id=\"submit-3901bca1-a628-495d-bc2d-e983b6cbac75\" class=\"cwp-success cwp-hidden\"><div class=\"wrapper\"><span>Le message a \u00e9t\u00e9 envoy\u00e9 avec succ\u00e8s.<\/span><\/div><\/div><div data-id=\"submit-3901bca1-a628-495d-bc2d-e983b6cbac75\" class=\"cwp-hidden spam\">Une erreur est survenue lors de l'envoi du message. Veuillez r\u00e9ssayer ult\u00e9rieurement.<\/div><div data-id=\"submit-3901bca1-a628-495d-bc2d-e983b6cbac75\" class=\"cwp-hidden error\">Une erreur est survenue lors de l'envoi du message. Veuillez r\u00e9ssayer ult\u00e9rieurement.<\/div><div id=\"submit-3901bca1-a628-495d-bc2d-e983b6cbac75-captcha\" class=\"cwp-danger-captcha cwp-hidden\">Incorrect Captcha!<\/div><\/div><div><style>\r\n\r\n\t\t\r\n\r\n\r\n\t\t\r\n\r\n\t\t\r\n\r\n\t\t#form-3901bca1.cwp-form .cwp-field.cwp-number .cwp-field-set .cwp-range-set input[type=\"range\"] {\r\n\t\t\tborder:none !important;\r\n\t\t}\r\n\r\n\r\n\t\t\r\n\r\n\t\t#form-3901bca1.cwp-form .cwp-field.is-style-button .cwp-checkbox-set input[type=\"checkbox\"] + label,\r\n\t\t#form-3901bca1.cwp-form .cwp-field.is-style-button .cwp-radio-set input[type=\"radio\"] + label,\r\n\t\t#form-3901bca1.cwp-form .cwp-field.is-style-button .cwp-radios-set input[type=\"radio\"] + label {\r\n\t\t\tcursor: pointer;\r\n\t\t\twidth: 100%;\r\n\r\n\t\t}\r\n\r\n\r\n\r\n\t<\/style><\/div><\/div>\r\n<!-- \/wp:cwp\/block-gutenberg-forms --><\/div>\n<\/div>\n<\/div>\n\n\n\n<div style=\"height:96px\" aria-hidden=\"true\" class=\"wp-block-spacer\"><\/div>\n","protected":false},"excerpt":{"rendered":"<p>Adresses STRAMMER Paris 11bis, Rue Leroux75016 Paris France+33 (0)1 53 53 25.70 STRAMMER Bruxelles St\u00e9phanie Plaza Avenue Louise, 54 1050 &#8211; Bruxelles Belgium +32 470 59 18 54 STRAMMER Gen\u00e8ve Route des Jeunes 91227 Carouge &#8211; LES ACACIAS+32 470 59 18 54 STRAMMER Madrid Paseo de la Castellana 141Edif. Cuzco IV28046 Madrid, Spain+34 91 418 [&hellip;]<\/p>\n","protected":false},"author":6,"featured_media":0,"parent":0,"menu_order":0,"comment_status":"closed","ping_status":"closed","template":"","meta":{"_editorskit_title_hidden":false,"_editorskit_reading_time":2,"_editorskit_is_block_options_detached":false,"_editorskit_block_options_position":"{}","footnotes":""},"class_list":["post-25271","page","type-page","status-publish","hentry"],"acf":[],"_links":{"self":[{"href":"https:\/\/strammer.com\/es\/wp-json\/wp\/v2\/pages\/25271","targetHints":{"allow":["GET"]}}],"collection":[{"href":"https:\/\/strammer.com\/es\/wp-json\/wp\/v2\/pages"}],"about":[{"href":"https:\/\/strammer.com\/es\/wp-json\/wp\/v2\/types\/page"}],"author":[{"embeddable":true,"href":"https:\/\/strammer.com\/es\/wp-json\/wp\/v2\/users\/6"}],"replies":[{"embeddable":true,"href":"https:\/\/strammer.com\/es\/wp-json\/wp\/v2\/comments?post=25271"}],"version-history":[{"count":81,"href":"https:\/\/strammer.com\/es\/wp-json\/wp\/v2\/pages\/25271\/revisions"}],"predecessor-version":[{"id":27601,"href":"https:\/\/strammer.com\/es\/wp-json\/wp\/v2\/pages\/25271\/revisions\/27601"}],"wp:attachment":[{"href":"https:\/\/strammer.com\/es\/wp-json\/wp\/v2\/media?parent=25271"}],"curies":[{"name":"wp","href":"https:\/\/api.w.org\/{rel}","templated":true}]}}