{"id":27625,"date":"2026-03-26T10:16:04","date_gmt":"2026-03-26T10:16:04","guid":{"rendered":"https:\/\/strammer.com\/?page_id=27625"},"modified":"2026-03-27T14:35:17","modified_gmt":"2026-03-27T14:35:17","slug":"cookies","status":"publish","type":"page","link":"https:\/\/strammer.com\/es\/cookies\/","title":{"rendered":"GESTI\u00d3N DE LAS COOKIES"},"content":{"rendered":"<div class=\"wp-block-strammer-blocks-fullsize-banner text-white\" style=\"background-image: url(https:\/\/strammer.com\/wp-content\/uploads\/2022\/06\/Balloons.jpg)\"><ul class=\"block-content\">\n<div class=\"wp-block-strammer-blocks-title text-center\" data-align=\"center\"><h2 class=\"title\" data-level=\"2\">COOKIES<\/h2><\/div>\n<\/ul><\/div>\n\n\n\n<p id=\"p-rc_5d0e0916c1d119a4-62\"><strong>Definici\u00f3n<\/strong> <\/p>\n\n\n\n<p id=\"p-rc_5d0e0916c1d119a4-62\">Las cookies son datos almacenados en el equipo terminal de un internauta y utilizados por el sitio para enviar informaci\u00f3n al navegador del internauta, permitiendo que dicho navegador devuelva informaci\u00f3n al sitio de origen (por ejemplo, un identificador de sesi\u00f3n, la elecci\u00f3n de un idioma o una fecha).\nLas cookies permiten conservar, durante el periodo de validez de la cookie en cuesti\u00f3n, informaci\u00f3n de estado cuando un navegador accede a las diferentes p\u00e1ginas de un sitio web o cuando dicho navegador regresa posteriormente a ese sitio web.\nSolo el emisor de una cookie puede leer o modificar la informaci\u00f3n contenida en ella.\nExisten diferentes tipos de cookies:<\/p>\n\n\n\n<ul class=\"wp-block-list\">\n<li>cookies de sesi\u00f3n que desaparecen en cuanto se abandona el sitio,<\/li>\n\n\n\n<li>cookies permanentes que permanecen en su terminal hasta que expira su vida \u00fatil o hasta que usted las elimine mediante las funciones de su navegador.\nSe le informa que, durante sus visitas al sitio, se pueden instalar cookies en su equipo terminal.<\/li>\n<\/ul>\n\n\n\n<p id=\"p-rc_5d0e0916c1d119a4-65\"><strong>FINALIDADES DE LAS COOKIES UTILIZADAS<\/strong> <\/p>\n\n\n\n<p id=\"p-rc_5d0e0916c1d119a4-65\" class=\"translation-block\">Las cookies utilizadas por <strong>Strammer<\/strong> se emplean con el fin de analizar la frecuencia de visitas y el uso que se hace del sitio.<\/p>\n\n\n\n<p id=\"p-rc_5d0e0916c1d119a4-66\"><strong>\u00bfQU\u00c9 COOKIES UTILIZAMOS?<\/strong> <\/p>\n\n\n\n<p id=\"p-rc_5d0e0916c1d119a4-66\" class=\"translation-block\">The cookies used on the site are third-party cookies limitedly chosen by <strong>Strammer<\/strong> to achieve specific objectives.\nStrammer uses the services of the American company Google Inc.\nData collected through cookies are transmitted and stored by Google Inc. Google Inc. adheres to the <strong>EU-U.S. Data Privacy Framework<\/strong> and thus ensures an adequate level of protection for personal data.\nThe Google Analytics service allows for counting visitors and identifying the way they use the site. These cookies are placed and read on the user's terminal equipment as soon as they access a website using the \"Google Analytics\" service. The data generated by these cookies concern:<\/p>\n\n\n\n<ul class=\"wp-block-list\">\n<li>su uso del sitio,<\/li>\n\n\n\n<li class=\"translation-block\">su direcci\u00f3n IP para determinar la ciudad de conexi\u00f3n. Este dato se anonimiza inmediatamente despu\u00e9s de la localizaci\u00f3n y no se comunica a la empresa <strong>Strammer<\/strong>.\nPuede obtener m\u00e1s informaci\u00f3n sobre el servicio Google Analytics visitando la p\u00e1gina <a href=\"http:\/\/www.google.com\/analytics\/learn\/privacy.html\" target=\"_blank\" rel=\"noreferrer noopener\">http:\/\/www.google.com\/analytics\/learn\/privacy.html<\/a> .<\/li>\n<\/ul>\n\n\n\n<p id=\"p-rc_5d0e0916c1d119a4-69\"><strong>CONSENTIMIENTO<\/strong> <\/p>\n\n\n\n<p id=\"p-rc_5d0e0916c1d119a4-69\">Cuando navega por nuestro sitio web, el dep\u00f3sito y la lectura de cookies permiten analizar su navegaci\u00f3n y medir la audiencia del sitio web. Tambi\u00e9n tiene la posibilidad de gestionar las cookies utilizadas en el sitio configurando su navegador, como se detalla a continuaci\u00f3n.<\/p>\n\n\n\n<p id=\"p-rc_5d0e0916c1d119a4-70\"><strong>GESTI\u00d3N DE LAS COOKIES<\/strong> <\/p>\n\n\n\n<p id=\"p-rc_5d0e0916c1d119a4-70\">Usted dispone de varias opciones para eliminar las cookies.\nDe hecho, si la mayor\u00eda de los navegadores est\u00e1n configurados por defecto y aceptan la instalaci\u00f3n de cookies, usted tiene la posibilidad, si lo desea, de elegir aceptar todas las cookies, rechazarlas sistem\u00e1ticamente o elegir las que acepta seg\u00fan el emisor.\nTambi\u00e9n puede configurar su navegador para aceptar o rechazar las cookies caso por caso antes de su instalaci\u00f3n.\nTambi\u00e9n puede eliminar peri\u00f3dicamente las cookies de su terminal a trav\u00e9s de su navegador.\nNo olvide configurar todos los navegadores de sus diferentes dispositivos (tabletas, tel\u00e9fonos inteligentes, ordenadores).\nPara la gesti\u00f3n de las cookies y de sus opciones, la configuraci\u00f3n de cada navegador es diferente.\nEsta se describe en el men\u00fa de ayuda de su navegador, que le permitir\u00e1 saber c\u00f3mo modificar sus deseos en materia de cookies.\nA t\u00edtulo de ejemplo:<\/p>\n\n\n\n<ul class=\"wp-block-list\">\n<li class=\"translation-block\">para Internet Explorer (TM) : <a>https:\/\/support.microsoft.com\/es-es\/windows\/eliminar-y-administrar-cookies-168dab11-0753-043d-7c16-ede5947fc64d<\/a><\/li>\n\n\n\n<li class=\"translation-block\">pour Safari (TM) : <a href=\"https:\/\/support.microsoft.com\/es-es\/windows\/eliminar-y-administrar-cookies-168dab11-0753-043d-7c16-ede5947fc64d\" target=\"_blank\" rel=\"noreferrer noopener\">https:\/\/support.microsoft.com\/es-es\/windows\/eliminar-y-administrar-cookies-168dab11-0753-043d-7c16-ede5947fc64d<\/a><\/li>\n\n\n\n<li class=\"translation-block\">pour Chrome (TM) : <a href=\"https:\/\/www.google.com\/search?q=http:\/\/support.google.com\/chrome\/bin\/answer.pyhlfr\" target=\"_blank\" rel=\"noreferrer noopener\">http:\/\/support.google.com\/chrome\/bin\/answer.py?hl=fr<\/a><\/li>\n\n\n\n<li class=\"translation-block\">pour Firefox (TM) : <a href=\"https:\/\/support.mozilla.org\/es\/kb\/habilitar-y-deshabilitar-cookies-sitios-web-rastrear-preferencias\" target=\"_blank\" rel=\"noreferrer noopener\">https:\/\/support.mozilla.org\/es\/kb\/habilitar-y-deshabilitar-cookies-sitios-web-rastrear-preferencias\n<\/a><\/li>\n\n\n\n<li class=\"translation-block\">pour Opera (TM) : <a href=\"https:\/\/help.opera.com\/en\/latest\/web-preferences\/#cookies\" target=\"_blank\" rel=\"noreferrer noopener\">https:\/\/help.opera.com\/en\/latest\/web-preferences\/#cookies<\/a><\/li>\n<\/ul>\n\n\n\n<p id=\"p-rc_5d0e0916c1d119a4-73\" class=\"translation-block\">No obstante, le informamos que al configurar su navegador para rechazar las cookies, algunas funcionalidades, p\u00e1ginas o espacios del sitio no ser\u00e1n accesibles, de lo cual no nos hacemos responsables.\nAsimismo, llamamos su atenci\u00f3n sobre el hecho de que, cuando usted se opone a la instalaci\u00f3n o al uso de una cookie, se instala una cookie de rechazo en su equipo terminal.\nSi elimina esta cookie de rechazo, ya no ser\u00e1 posible identificarle como alguien que ha rechazado el uso de cookies. Del mismo modo, cuando usted consiente la instalaci\u00f3n de cookies, se instala una cookie de consentimiento. Las cookies de consentimiento o de rechazo deben permanecer en su equipo terminal.<\/p>\n\n\n\n<p><strong>Modifier vos pr\u00e9f\u00e9rences de cookies<\/strong><\/p>\n\n\n<div id=\"cmplz-manage-consent-container-nojavascript\">Has cargado la pol\u00edtica de cookies sin compatibilidad con JavaScript.&nbsp;En AMP, puedes utilizar el bot\u00f3n de gestionar el consentimiento en la parte inferior de la p\u00e1gina.<\/div><div id=\"cmplz-manage-consent-container\" name=\"cmplz-manage-consent-container\" class=\"cmplz-manage-consent-container\"><\/div>\n\n\n\n<p id=\"matomo_opted_out_intro\" style=\"display:none;\">Opt-out complete; your visits to this website will not be recorded by the Web Analytics tool. Note that if you clear your cookies, delete the opt-out cookie, or if you change computers or Web browsers, you will need to perform the opt-out procedure again.<\/p><p id=\"matomo_opted_in_intro\" >You may choose to prevent this website from aggregating and analyzing the actions you take here. Doing so will protect your privacy, but will also prevent the owner from learning from your actions and creating a better experience for you and other users.<\/p><form action=\"\">\n        <input type=\"checkbox\" id=\"matomo_optout_checkbox\" checked=\"checked\"\/>\n        <label for=\"matomo_optout_checkbox\"><strong>\n        <span id=\"matomo_opted_in_label\" >You are not opted out. Uncheck this box to opt-out.<\/span>\n\t\t<span id=\"matomo_opted_out_label\" style=\"display:none;\">You are currently opted out. Check this box to opt-in.<\/span>\n        <\/strong><\/label><input type=\"hidden\" name=\"trp-form-language\" value=\"es\"\/><\/form><noscript><p><strong style=\"color: #ff0000;\">This opt out feature requires JavaScript.<\/strong><\/p><\/noscript><p id=\"matomo_outout_err_cookies\" style=\"display: none;\"><strong>The tracking opt-out feature requires cookies to be enabled.<\/strong><\/p>\n\n\n\n<div style=\"height:70px\" aria-hidden=\"true\" class=\"wp-block-spacer\"><\/div>","protected":false},"excerpt":{"rendered":"<p>D\u00e9finition Les cookies sont des donn\u00e9es stock\u00e9es dans l&rsquo;\u00e9quipement terminal d&rsquo;un internaute et utilis\u00e9es par le site pour envoyer des informations au navigateur de l&rsquo;internaute, et permettant \u00e0 ce navigateur de renvoyer des informations au site d&rsquo;origine (par exemple un identifiant de session, le choix d&rsquo;une langue ou une date). Les cookies permettent de conserver, [&hellip;]<\/p>\n","protected":false},"author":7,"featured_media":25510,"parent":0,"menu_order":0,"comment_status":"closed","ping_status":"closed","template":"","meta":{"_editorskit_title_hidden":false,"_editorskit_reading_time":0,"_editorskit_is_block_options_detached":false,"_editorskit_block_options_position":"{}","footnotes":""},"class_list":["post-27625","page","type-page","status-publish","has-post-thumbnail","hentry"],"acf":[],"_links":{"self":[{"href":"https:\/\/strammer.com\/es\/wp-json\/wp\/v2\/pages\/27625","targetHints":{"allow":["GET"]}}],"collection":[{"href":"https:\/\/strammer.com\/es\/wp-json\/wp\/v2\/pages"}],"about":[{"href":"https:\/\/strammer.com\/es\/wp-json\/wp\/v2\/types\/page"}],"author":[{"embeddable":true,"href":"https:\/\/strammer.com\/es\/wp-json\/wp\/v2\/users\/7"}],"replies":[{"embeddable":true,"href":"https:\/\/strammer.com\/es\/wp-json\/wp\/v2\/comments?post=27625"}],"version-history":[{"count":10,"href":"https:\/\/strammer.com\/es\/wp-json\/wp\/v2\/pages\/27625\/revisions"}],"predecessor-version":[{"id":27642,"href":"https:\/\/strammer.com\/es\/wp-json\/wp\/v2\/pages\/27625\/revisions\/27642"}],"wp:featuredmedia":[{"embeddable":true,"href":"https:\/\/strammer.com\/es\/wp-json\/wp\/v2\/media\/25510"}],"wp:attachment":[{"href":"https:\/\/strammer.com\/es\/wp-json\/wp\/v2\/media?parent=27625"}],"curies":[{"name":"wp","href":"https:\/\/api.w.org\/{rel}","templated":true}]}}